{"id":28,"date":"2024-07-08T16:23:37","date_gmt":"2024-07-08T13:23:37","guid":{"rendered":"http:\/\/www.ebaoglu.com\/tarim\/?page_id=28"},"modified":"2024-07-08T16:23:37","modified_gmt":"2024-07-08T13:23:37","slug":"bize-ulasin","status":"publish","type":"page","link":"http:\/\/www.ebaoglu.com\/tarim\/bize-ulasin\/","title":{"rendered":"Bize ula\u015f\u0131n"},"content":{"rendered":"\n<p>Bu, adres ve telefon numaras\u0131 gibi temel ileti\u015fim bilgilerinin oldu\u011fu bir sayfad\u0131r. Ayr\u0131ca bir ileti\u015fim formu eklemek i\u00e7in bir eklenti de deneyebilirsiniz.<\/p>\n","protected":false},"excerpt":{"rendered":"<p>Bu, adres ve telefon numaras\u0131 gibi temel ileti\u015fim bilgilerinin oldu\u011fu bir sayfad\u0131r. Ayr\u0131ca bir ileti\u015fim formu eklemek i\u00e7in bir eklenti de deneyebilirsiniz.<\/p>\n","protected":false},"author":1,"featured_media":23,"parent":0,"menu_order":0,"comment_status":"closed","ping_status":"closed","template":"","meta":{"footnotes":""},"class_list":["post-28","page","type-page","status-publish","has-post-thumbnail","hentry"],"_links":{"self":[{"href":"http:\/\/www.ebaoglu.com\/tarim\/wp-json\/wp\/v2\/pages\/28","targetHints":{"allow":["GET"]}}],"collection":[{"href":"http:\/\/www.ebaoglu.com\/tarim\/wp-json\/wp\/v2\/pages"}],"about":[{"href":"http:\/\/www.ebaoglu.com\/tarim\/wp-json\/wp\/v2\/types\/page"}],"author":[{"embeddable":true,"href":"http:\/\/www.ebaoglu.com\/tarim\/wp-json\/wp\/v2\/users\/1"}],"replies":[{"embeddable":true,"href":"http:\/\/www.ebaoglu.com\/tarim\/wp-json\/wp\/v2\/comments?post=28"}],"version-history":[{"count":0,"href":"http:\/\/www.ebaoglu.com\/tarim\/wp-json\/wp\/v2\/pages\/28\/revisions"}],"wp:featuredmedia":[{"embeddable":true,"href":"http:\/\/www.ebaoglu.com\/tarim\/wp-json\/wp\/v2\/media\/23"}],"wp:attachment":[{"href":"http:\/\/www.ebaoglu.com\/tarim\/wp-json\/wp\/v2\/media?parent=28"}],"curies":[{"name":"wp","href":"https:\/\/api.w.org\/{rel}","templated":true}]}}