{"id":26,"date":"2024-07-08T16:23:37","date_gmt":"2024-07-08T13:23:37","guid":{"rendered":"http:\/\/www.ebaoglu.com\/tarim\/?page_id=26"},"modified":"2024-07-08T16:23:37","modified_gmt":"2024-07-08T13:23:37","slug":"ana-sayfa","status":"publish","type":"page","link":"http:\/\/www.ebaoglu.com\/tarim\/","title":{"rendered":"Ana sayfa"},"content":{"rendered":"\n<p>Sitenize ho\u015f geldiniz! Bu sizin ana sayfan\u0131z, ki ziyaret\u00e7ilerinizin \u00e7o\u011fu sitenize geldi\u011finde ilk olarak bu sayfay\u0131 g\u00f6r\u00fcnt\u00fclerler.<\/p>\n","protected":false},"excerpt":{"rendered":"<p>Sitenize ho\u015f geldiniz! Bu sizin ana sayfan\u0131z, ki ziyaret\u00e7ilerinizin \u00e7o\u011fu sitenize geldi\u011finde ilk olarak bu sayfay\u0131 g\u00f6r\u00fcnt\u00fclerler.<\/p>\n","protected":false},"author":1,"featured_media":0,"parent":0,"menu_order":0,"comment_status":"closed","ping_status":"closed","template":"","meta":{"footnotes":""},"class_list":["post-26","page","type-page","status-publish","hentry"],"_links":{"self":[{"href":"http:\/\/www.ebaoglu.com\/tarim\/wp-json\/wp\/v2\/pages\/26","targetHints":{"allow":["GET"]}}],"collection":[{"href":"http:\/\/www.ebaoglu.com\/tarim\/wp-json\/wp\/v2\/pages"}],"about":[{"href":"http:\/\/www.ebaoglu.com\/tarim\/wp-json\/wp\/v2\/types\/page"}],"author":[{"embeddable":true,"href":"http:\/\/www.ebaoglu.com\/tarim\/wp-json\/wp\/v2\/users\/1"}],"replies":[{"embeddable":true,"href":"http:\/\/www.ebaoglu.com\/tarim\/wp-json\/wp\/v2\/comments?post=26"}],"version-history":[{"count":0,"href":"http:\/\/www.ebaoglu.com\/tarim\/wp-json\/wp\/v2\/pages\/26\/revisions"}],"wp:attachment":[{"href":"http:\/\/www.ebaoglu.com\/tarim\/wp-json\/wp\/v2\/media?parent=26"}],"curies":[{"name":"wp","href":"https:\/\/api.w.org\/{rel}","templated":true}]}}